{"id":35,"date":"2021-09-27T14:55:29","date_gmt":"2021-09-27T13:55:29","guid":{"rendered":"https:\/\/apiani.pt\/?page_id=35"},"modified":"2021-11-04T12:47:28","modified_gmt":"2021-11-04T12:47:28","slug":"apiani-consulting","status":"publish","type":"page","link":"https:\/\/apiani.pt\/pt-pt\/apiani-consulting\/","title":{"rendered":"Apiani Consulting"},"content":{"rendered":"<p>[et_pb_section fb_built=&#8221;1&#8243; module_id=&#8221;bigsize&#8221; _builder_version=&#8221;4.11.4&#8243; _module_preset=&#8221;default&#8221; background_color=&#8221;#E3E1DB&#8221; custom_padding=&#8221;0px|7px|||false|false&#8221; locked=&#8221;off&#8221; global_colors_info=&#8221;{}&#8221;][et_pb_row _builder_version=&#8221;4.11.4&#8243; _module_preset=&#8221;default&#8221; width_tablet=&#8221;&#8221; width_phone=&#8221;90%&#8221; width_last_edited=&#8221;on|phone&#8221; module_alignment=&#8221;center&#8221; custom_padding=&#8221;0px||||false|false&#8221; global_colors_info=&#8221;{}&#8221;][et_pb_column type=&#8221;4_4&#8243; _builder_version=&#8221;4.10.8&#8243; _module_preset=&#8221;default&#8221; global_colors_info=&#8221;{}&#8221;][et_pb_text admin_label=&#8221;T\u00edtulo&#8221; _builder_version=&#8221;4.11.4&#8243; _module_preset=&#8221;default&#8221; text_font=&#8221;SourceCode Pro SemiBold|||on|||||&#8221; text_text_color=&#8221;#000000&#8243; text_font_size=&#8221;1.1rem&#8221; custom_margin=&#8221;||5px||false|false&#8221; custom_padding=&#8221;|||155px|false|false&#8221; custom_padding_tablet=&#8221;|||0px|false|false&#8221; custom_padding_phone=&#8221;|||0px|false|false&#8221; custom_padding_last_edited=&#8221;on|tablet&#8221; locked=&#8221;off&#8221; global_colors_info=&#8221;{}&#8221;]beyond luxury[\/et_pb_text][\/et_pb_column][\/et_pb_row][et_pb_row _builder_version=&#8221;4.11.4&#8243; _module_preset=&#8221;default&#8221; width_tablet=&#8221;90%&#8221; width_phone=&#8221;90%&#8221; width_last_edited=&#8221;on|phone&#8221; module_alignment=&#8221;center&#8221; custom_padding=&#8221;0px||||false|false&#8221; locked=&#8221;off&#8221; global_colors_info=&#8221;{}&#8221;][et_pb_column type=&#8221;4_4&#8243; _builder_version=&#8221;4.10.8&#8243; _module_preset=&#8221;default&#8221; global_colors_info=&#8221;{}&#8221;][et_pb_text module_class=&#8221;EFConcept_inicio&#8221; _builder_version=&#8221;4.12.0&#8243; _module_preset=&#8221;default&#8221; header_font=&#8221;|||on|||||&#8221; header_text_align=&#8221;center&#8221; header_font_size=&#8221;11rem&#8221; header_line_height=&#8221;0.9em&#8221; custom_margin=&#8221;||0px||false|false&#8221; header_text_align_tablet=&#8221;center&#8221; header_text_align_phone=&#8221;center&#8221; header_text_align_last_edited=&#8221;on|phone&#8221; header_font_size_tablet=&#8221;9rem&#8221; header_font_size_phone=&#8221;5.2rem&#8221; header_font_size_last_edited=&#8221;on|tablet&#8221; global_colors_info=&#8221;{}&#8221;]<\/p>\n<h1>Apiani<\/h1>\n<p>[\/et_pb_text][et_pb_text module_class=&#8221;EFConcept_inicio&#8221; _builder_version=&#8221;4.12.0&#8243; _module_preset=&#8221;default&#8221; header_text_align=&#8221;center&#8221; header_font_size=&#8221;12rem&#8221; header_line_height=&#8221;0.9em&#8221; custom_margin=&#8221;||0px||false|false&#8221; header_text_align_tablet=&#8221;center&#8221; header_text_align_phone=&#8221;center&#8221; header_text_align_last_edited=&#8221;on|phone&#8221; header_font_size_tablet=&#8221;9rem&#8221; header_font_size_phone=&#8221;5rem&#8221; header_font_size_last_edited=&#8221;on|phone&#8221; global_colors_info=&#8221;{}&#8221;]<\/p>\n<h1>consulting<\/h1>\n<p>[\/et_pb_text][\/et_pb_column][\/et_pb_row][\/et_pb_section][et_pb_section fb_built=&#8221;1&#8243; _builder_version=&#8221;4.10.8&#8243; _module_preset=&#8221;default&#8221; background_color=&#8221;#E3E1DB&#8221; custom_padding=&#8221;0px||||false|false&#8221; global_colors_info=&#8221;{}&#8221;][et_pb_row _builder_version=&#8221;4.10.8&#8243; _module_preset=&#8221;default&#8221; locked=&#8221;off&#8221; global_colors_info=&#8221;{}&#8221;][et_pb_column type=&#8221;4_4&#8243; _builder_version=&#8221;4.10.8&#8243; _module_preset=&#8221;default&#8221; global_colors_info=&#8221;{}&#8221;][et_pb_image src=&#8221;https:\/\/apiani.pt\/wp-content\/uploads\/2021\/09\/apiani_icon_preto.svg&#8221; title_text=&#8221;apiani_icon_preto&#8221; module_class=&#8221;simbolo_apiani&#8221; _builder_version=&#8221;4.11.4&#8243; _module_preset=&#8221;default&#8221; max_width=&#8221;60px&#8221; module_alignment=&#8221;center&#8221; global_colors_info=&#8221;{}&#8221;][\/et_pb_image][\/et_pb_column][\/et_pb_row][et_pb_row column_structure=&#8221;1_3,2_3&#8243; _builder_version=&#8221;4.11.4&#8243; _module_preset=&#8221;default&#8221; width_tablet=&#8221;&#8221; width_phone=&#8221;90%&#8221; width_last_edited=&#8221;on|phone&#8221; max_width=&#8221;1100px&#8221; locked=&#8221;off&#8221; global_colors_info=&#8221;{}&#8221;][et_pb_column type=&#8221;1_3&#8243; _builder_version=&#8221;4.10.8&#8243; _module_preset=&#8221;default&#8221; global_colors_info=&#8221;{}&#8221;][\/et_pb_column][et_pb_column type=&#8221;2_3&#8243; _builder_version=&#8221;4.10.8&#8243; _module_preset=&#8221;default&#8221; global_colors_info=&#8221;{}&#8221;][et_pb_text _builder_version=&#8221;4.12.0&#8243; _module_preset=&#8221;default&#8221; global_colors_info=&#8221;{}&#8221;]<\/p>\n<p>A APIANI Consulting tem significativa experi\u00eancia pr\u00e1tica na gest\u00e3o de projetos de investimento. Oferecemos solu\u00e7\u00f5es exclusivas em acompanhamento privado de arquitetura e design de interiores.<\/p>\n<p>Gra\u00e7as \u00e0 intera\u00e7\u00e3o activa com os parceiros, a empresa apresenta aos seus clientes as melhores ofertas do mercado portugu\u00eas nas condi\u00e7\u00f5es mais atractivas, m\u00faltiplas oportunidades de investimento a par de servi\u00e7os jur\u00eddicos integrados para aquisi\u00e7\u00e3o de Golden Visa.<\/p>\n<p>O Grupo APIANI adere aos princ\u00edpios de pleno apoio jur\u00eddico \u00e0s transa\u00e7\u00f5es e cumprimento dos padr\u00f5es de qualidade &#8211; esta \u00e9 uma garantia de manuten\u00e7\u00e3o da confian\u00e7a merecida e reputa\u00e7\u00e3o impec\u00e1vel.<\/p>\n<p>A Comunidade APIANI disponibiliza solu\u00e7\u00f5es \u00fanicas que permitem aos seus Clientes a qualifica\u00e7\u00e3o para Resid\u00eancia Golden Visa atrav\u00e9s da concep\u00e7\u00e3o e desenvolvimento de Projetos Culturais que envolvam um apoio financeiro \u00e0 Cultura Nacional Portuguesa ou \u00e0 Produ\u00e7\u00e3o Art\u00edstica atrav\u00e9s da doa\u00e7\u00e3o de um valor igual ou superior a 250.000 \u20ac.<\/p>\n<p>[\/et_pb_text][\/et_pb_column][\/et_pb_row][\/et_pb_section][et_pb_section fb_built=&#8221;1&#8243; _builder_version=&#8221;4.10.8&#8243; _module_preset=&#8221;default&#8221; background_color=&#8221;#E3E1DB&#8221; custom_padding=&#8221;0px|0px|||false|false&#8221; global_colors_info=&#8221;{}&#8221;][et_pb_row _builder_version=&#8221;4.11.4&#8243; _module_preset=&#8221;default&#8221; width_tablet=&#8221;&#8221; width_phone=&#8221;90%&#8221; width_last_edited=&#8221;on|phone&#8221; max_width=&#8221;1100px&#8221; custom_padding=&#8221;0px||||false|false&#8221; locked=&#8221;off&#8221; global_colors_info=&#8221;{}&#8221;][et_pb_column type=&#8221;4_4&#8243; _builder_version=&#8221;4.10.8&#8243; _module_preset=&#8221;default&#8221; global_colors_info=&#8221;{}&#8221;][et_pb_text _builder_version=&#8221;4.12.0&#8243; _module_preset=&#8221;default&#8221; text_font=&#8221;SourceCode Pro SemiBold|||on|||||&#8221; text_text_color=&#8221;#000000&#8243; text_font_size=&#8221;1.1rem&#8221; custom_margin=&#8221;||0px||false|false&#8221; custom_padding=&#8221;|||155px|false|false&#8221; custom_padding_tablet=&#8221;|||0px|false|false&#8221; custom_padding_phone=&#8221;|||0px|false|false&#8221; custom_padding_last_edited=&#8221;on|tablet&#8221; global_colors_info=&#8221;{}&#8221;]<\/p>\n<p>Recentes investimentos de clientes:<\/p>\n<p>[\/et_pb_text][\/et_pb_column][\/et_pb_row][et_pb_row _builder_version=&#8221;4.11.4&#8243; _module_preset=&#8221;default&#8221; width_tablet=&#8221;&#8221; width_phone=&#8221;100%&#8221; width_last_edited=&#8221;on|phone&#8221; max_width=&#8221;960px&#8221; custom_padding=&#8221;0px||||false|false&#8221; locked=&#8221;off&#8221; global_colors_info=&#8221;{}&#8221;][et_pb_column type=&#8221;4_4&#8243; _builder_version=&#8221;4.10.8&#8243; _module_preset=&#8221;default&#8221; global_colors_info=&#8221;{}&#8221;][dipi_image_gallery thumbs_count=&#8221;0&#8243; thumbs_space_between=&#8221;0&#8243; thumb_height=&#8221;0px&#8221; thumb_horizontal_width=&#8221;0%&#8221; main_navigation_prev_icon_yn=&#8221;on&#8221; main_navigation_prev_icon=&#8221;%%19%%&#8221; main_navigation_next_icon_yn=&#8221;on&#8221; main_navigation_next_icon=&#8221;%%20%%&#8221; main_navigation_size=&#8221;40&#8243; main_navigation_color=&#8221;#FFFFFF&#8221; thumbs_centered=&#8221;off&#8221; thumbs_container_margin=&#8221;|0px|0px|0px|false|false&#8221; main_autoplay=&#8221;on&#8221; autoplay_delay=&#8221;3500&#8243; main_slider_animation=&#8221;fade&#8221; _builder_version=&#8221;4.12.0&#8243; _module_preset=&#8221;default&#8221; background_enable_color=&#8221;off&#8221; height=&#8221;80vh&#8221; custom_padding=&#8221;||||false|false&#8221; global_colors_info=&#8221;{}&#8221;][dipi_image_gallery_child item_image=&#8221;https:\/\/apiani.pt\/wp-content\/uploads\/2021\/10\/Wyndham-Grand-Algarve-Quinta-do-Lago.jpg&#8221; img_alt=&#8221;Wyndham Grand Algarve, Quinta do Lago&#8221; label=&#8221;Wyndham Grand Algarve, Quinta do Lago&#8221; main_carousel_show_content=&#8221;on&#8221; image_description=&#8221;Wyndham Grand Algarve, Quinta do Lago&#8221; c_vr_placement=&#8221;bottom&#8221; content_container_padding=&#8221;10px|0px|10px|0px|true|true&#8221; content_width=&#8221;100%&#8221; overlay_bg_color_gradient_overlays_image=&#8221;on&#8221; _builder_version=&#8221;4.11.1&#8243; _module_preset=&#8221;default&#8221; body_font=&#8221;||||||||&#8221; body_text_color=&#8221;#606060&#8243; body_font_size=&#8221;1.1rem&#8221; custom_css_content_container=&#8221;background:#e3e1db;&#8221; global_colors_info=&#8221;{}&#8221;][\/dipi_image_gallery_child][dipi_image_gallery_child item_image=&#8221;https:\/\/apiani.pt\/wp-content\/uploads\/2021\/10\/Martinhal-Residences-Lisbon-Park-of-Nations.jpg&#8221; img_alt=&#8221;Martinhal Residences, Lisbon, Park of Nations&#8221; label=&#8221;Martinhal Residences, Lisbon, Park of Nations&#8221; main_carousel_show_content=&#8221;on&#8221; image_description=&#8221;Martinhal Residences, Lisbon, Park of Nations&#8221; c_vr_placement=&#8221;bottom&#8221; content_container_padding=&#8221;10px|0px|10px|0px|true|true&#8221; content_width=&#8221;100%&#8221; overlay_bg_color_gradient_overlays_image=&#8221;on&#8221; _builder_version=&#8221;4.11.1&#8243; _module_preset=&#8221;default&#8221; body_font=&#8221;||||||||&#8221; body_text_color=&#8221;#606060&#8243; body_font_size=&#8221;1.1rem&#8221; custom_css_content_container=&#8221;background:#e3e1db;&#8221; global_colors_info=&#8221;{}&#8221;][\/dipi_image_gallery_child][dipi_image_gallery_child item_image=&#8221;https:\/\/apiani.pt\/wp-content\/uploads\/2021\/10\/Apiani-Monte-Estoril.jpg&#8221; img_alt=&#8221;Apiani, Monte Estoril&#8221; label=&#8221;Apiani, Monte Estoril&#8221; main_carousel_show_content=&#8221;on&#8221; image_description=&#8221;Apiani, Monte Estoril&#8221; c_vr_placement=&#8221;bottom&#8221; content_container_padding=&#8221;10px|0px|10px|0px|true|true&#8221; content_width=&#8221;100%&#8221; overlay_bg_color_gradient_overlays_image=&#8221;on&#8221; _builder_version=&#8221;4.11.1&#8243; _module_preset=&#8221;default&#8221; body_font=&#8221;||||||||&#8221; body_text_color=&#8221;#606060&#8243; body_font_size=&#8221;1.1rem&#8221; custom_css_content_container=&#8221;background:#e3e1db;&#8221; global_colors_info=&#8221;{}&#8221;][\/dipi_image_gallery_child][dipi_image_gallery_child item_image=&#8221;https:\/\/apiani.pt\/wp-content\/uploads\/2021\/11\/PalmaresResort02.jpg&#8221; img_alt=&#8221;Land Plot for Villa Construction, Algarve&#8221; label=&#8221;Land Plot for Villa Construction, Algarve&#8221; main_carousel_show_content=&#8221;on&#8221; image_description=&#8221;Land Plot for Villa Construction, Algarve&#8221; c_vr_placement=&#8221;bottom&#8221; content_container_padding=&#8221;10px|0px|10px|0px|true|true&#8221; content_width=&#8221;100%&#8221; overlay_bg_color_gradient_overlays_image=&#8221;on&#8221; _builder_version=&#8221;4.12.0&#8243; _module_preset=&#8221;default&#8221; body_font=&#8221;||||||||&#8221; body_text_color=&#8221;#606060&#8243; body_font_size=&#8221;1.1rem&#8221; custom_css_content_container=&#8221;background:#e3e1db;&#8221; global_colors_info=&#8221;{}&#8221;][\/dipi_image_gallery_child][dipi_image_gallery_child item_image=&#8221;https:\/\/apiani.pt\/wp-content\/uploads\/2021\/11\/Palmares.jpg&#8221; img_alt=&#8221;Palmares Ocean Living &#038; Golf, Algarve&#8221; label=&#8221;Palmares Ocean Living &#038; Golf, Algarve&#8221; main_carousel_show_content=&#8221;on&#8221; image_description=&#8221;Palmares Ocean Living &#038; Golf, Algarve&#8221; c_vr_placement=&#8221;bottom&#8221; content_container_padding=&#8221;10px|0px|10px|0px|true|true&#8221; content_width=&#8221;100%&#8221; overlay_bg_color_gradient_overlays_image=&#8221;on&#8221; _builder_version=&#8221;4.12.0&#8243; _module_preset=&#8221;default&#8221; body_font=&#8221;||||||||&#8221; body_text_color=&#8221;#606060&#8243; body_font_size=&#8221;1.1rem&#8221; custom_css_content_container=&#8221;background:#e3e1db;&#8221; global_colors_info=&#8221;{}&#8221;][\/dipi_image_gallery_child][\/dipi_image_gallery][\/et_pb_column][\/et_pb_row][\/et_pb_section]<\/p>\n","protected":false},"excerpt":{"rendered":"<p>beyond luxuryApianiconsultingA APIANI Consulting tem significativa experi\u00eancia pr\u00e1tica na gest\u00e3o de projetos de investimento. Oferecemos solu\u00e7\u00f5es exclusivas em acompanhamento privado de arquitetura e design de interiores. Gra\u00e7as \u00e0 intera\u00e7\u00e3o activa com os parceiros, a empresa apresenta aos seus clientes as melhores ofertas do mercado portugu\u00eas nas condi\u00e7\u00f5es mais atractivas, m\u00faltiplas oportunidades de investimento a par [&hellip;]<\/p>\n","protected":false},"author":1,"featured_media":0,"parent":0,"menu_order":0,"comment_status":"closed","ping_status":"closed","template":"","meta":{"_et_pb_use_builder":"on","_et_pb_old_content":"","_et_gb_content_width":"","footnotes":""},"dipi_cpt_category":[],"class_list":["post-35","page","type-page","status-publish","hentry"],"_links":{"self":[{"href":"https:\/\/apiani.pt\/pt-pt\/wp-json\/wp\/v2\/pages\/35","targetHints":{"allow":["GET"]}}],"collection":[{"href":"https:\/\/apiani.pt\/pt-pt\/wp-json\/wp\/v2\/pages"}],"about":[{"href":"https:\/\/apiani.pt\/pt-pt\/wp-json\/wp\/v2\/types\/page"}],"author":[{"embeddable":true,"href":"https:\/\/apiani.pt\/pt-pt\/wp-json\/wp\/v2\/users\/1"}],"replies":[{"embeddable":true,"href":"https:\/\/apiani.pt\/pt-pt\/wp-json\/wp\/v2\/comments?post=35"}],"version-history":[{"count":111,"href":"https:\/\/apiani.pt\/pt-pt\/wp-json\/wp\/v2\/pages\/35\/revisions"}],"predecessor-version":[{"id":3151,"href":"https:\/\/apiani.pt\/pt-pt\/wp-json\/wp\/v2\/pages\/35\/revisions\/3151"}],"wp:attachment":[{"href":"https:\/\/apiani.pt\/pt-pt\/wp-json\/wp\/v2\/media?parent=35"}],"wp:term":[{"taxonomy":"dipi_cpt_category","embeddable":true,"href":"https:\/\/apiani.pt\/pt-pt\/wp-json\/wp\/v2\/dipi_cpt_category?post=35"}],"curies":[{"name":"wp","href":"https:\/\/api.w.org\/{rel}","templated":true}]}}